{"id":2,"date":"2022-05-23T19:33:14","date_gmt":"2022-05-23T19:33:14","guid":{"rendered":"https:\/\/henriquezarmijo.cl\/?page_id=2"},"modified":"2022-05-23T19:55:11","modified_gmt":"2022-05-23T19:55:11","slug":"sample-page","status":"publish","type":"page","link":"https:\/\/henriquezarmijo.cl\/index.php\/sample-page\/","title":{"rendered":"Proverbio"},"content":{"rendered":"<p>Dicen que uno no escoge a la familia, por lo que toca verle el lado bueno a lo que hay. Ya sea que tengas un t\u00edo que siempre mete la pata, un hermano que te molesta o un abuelo que se la pasa quej\u00e1ndose sobre los tiempos que corren, siempre habr\u00e1 un aspecto positivo que puedes sacar de la convivencia familiar; adem\u00e1s de que a pesar de todo, ellos estar\u00e1n ah\u00ed en todo momento para apoyarte.<\/p>\n","protected":false},"excerpt":{"rendered":"<p>Dicen que uno no escoge a la familia, por lo que toca verle el lado bueno a lo que hay. Ya sea que tengas un t\u00edo que siempre mete la pata, un hermano que te molesta o un abuelo que se la pasa quej\u00e1ndose sobre los tiempos que corren, siempre habr\u00e1 un aspecto positivo que [&hellip;]<\/p>\n","protected":false},"author":1,"featured_media":0,"parent":0,"menu_order":0,"comment_status":"closed","ping_status":"open","template":"","meta":{"footnotes":""},"class_list":["post-2","page","type-page","status-publish","hentry"],"_links":{"self":[{"href":"https:\/\/henriquezarmijo.cl\/index.php\/wp-json\/wp\/v2\/pages\/2","targetHints":{"allow":["GET"]}}],"collection":[{"href":"https:\/\/henriquezarmijo.cl\/index.php\/wp-json\/wp\/v2\/pages"}],"about":[{"href":"https:\/\/henriquezarmijo.cl\/index.php\/wp-json\/wp\/v2\/types\/page"}],"author":[{"embeddable":true,"href":"https:\/\/henriquezarmijo.cl\/index.php\/wp-json\/wp\/v2\/users\/1"}],"replies":[{"embeddable":true,"href":"https:\/\/henriquezarmijo.cl\/index.php\/wp-json\/wp\/v2\/comments?post=2"}],"version-history":[{"count":3,"href":"https:\/\/henriquezarmijo.cl\/index.php\/wp-json\/wp\/v2\/pages\/2\/revisions"}],"predecessor-version":[{"id":12,"href":"https:\/\/henriquezarmijo.cl\/index.php\/wp-json\/wp\/v2\/pages\/2\/revisions\/12"}],"wp:attachment":[{"href":"https:\/\/henriquezarmijo.cl\/index.php\/wp-json\/wp\/v2\/media?parent=2"}],"curies":[{"name":"wp","href":"https:\/\/api.w.org\/{rel}","templated":true}]}}